{"id":260,"date":"2023-08-25T09:32:40","date_gmt":"2023-08-25T07:32:40","guid":{"rendered":"https:\/\/escrime-pentathlon-saverne.fr\/?page_id=260"},"modified":"2025-12-28T19:09:11","modified_gmt":"2025-12-28T18:09:11","slug":"entretien","status":"publish","type":"page","link":"https:\/\/escrime-pentathlon-saverne.fr\/?page_id=260","title":{"rendered":"Entretien"},"content":{"rendered":"\t\t<div data-elementor-type=\"wp-page\" data-elementor-id=\"260\" class=\"elementor elementor-260\">\n\t\t\t\t\t\t<section class=\"elementor-section elementor-top-section elementor-element elementor-element-dbde4a7 elementor-section-boxed elementor-section-height-default elementor-section-height-default\" data-id=\"dbde4a7\" data-element_type=\"section\" data-e-type=\"section\">\n\t\t\t\t\t\t<div class=\"elementor-container elementor-column-gap-default\">\n\t\t\t\t\t<div class=\"elementor-column elementor-col-100 elementor-top-column elementor-element elementor-element-77737a8\" data-id=\"77737a8\" data-element_type=\"column\" data-e-type=\"column\">\n\t\t\t<div class=\"elementor-widget-wrap elementor-element-populated\">\n\t\t\t\t\t\t<div class=\"elementor-element elementor-element-1b0272a elementor-widget elementor-widget-text-editor\" data-id=\"1b0272a\" data-element_type=\"widget\" data-e-type=\"widget\" data-widget_type=\"text-editor.default\">\n\t\t\t\t<div class=\"elementor-widget-container\">\n\t\t\t\t\t\t\t\t\t<p align=\"justify\"><u><i><b>Bien que le lavage de la tenue reste \u00e0 l\u2019appr\u00e9ciation de chacun, le minimum est de la laver une fois par mois.<\/b><\/i><\/u><\/p><p align=\"justify\">Instructions de lavage de la tenue : \u00e0 la main ou en machine \u00e0 30\u00b0C MAXIMUM avec lessive ordinaire ou savon noir.\u00a0<\/p><p align=\"justify\"><span style=\"color: #ff0000;\"><strong>ATTENTION : NE JAMAIS LAVER AVEC DES COULEURS (m\u00eame d\u00e9lav\u00e9es).<\/strong><\/span><\/p><p align=\"justify\">\u00a0<\/p><p align=\"justify\">Instruction de nettoyage du masque et du gant : \u00e0 la main ou au lave-vaisselle \u00e0 froid (programme rin\u00e7age par exemple).\u00a0<\/p><p align=\"justify\"><strong><span style=\"color: #ff0000;\">ATTENTION NE PAS UTILISER DE PRODUIT LAVE-VAISSELLE (savon noir conseill\u00e9).<\/span><\/strong><\/p><p align=\"justify\">\u00a0<\/p><p align=\"justify\">Pour nettoyer vos armes renseignez-vous aupr\u00e8s des responsables.<\/p><p align=\"justify\">\u00a0<\/p><p align=\"justify\">En rentrant d\u2019entra\u00eenement ou de comp\u00e9tition :<\/p><ul><li>Vider le sac d\u2019escrime et a\u00e9rer la tenue.<\/li><li>Ne pas laisser stagner des v\u00eatements humides avec des armes (risque de rouille !).<\/li><\/ul><div>\u00a0<\/div><div>\u00a0<\/div><p>Assurez-vous de lire attentivement les instructions de lavage sp\u00e9cifiques \u00e0 votre \u00e9quipement. Vous pouvez les trouver sur la page produit ou sur l&rsquo;\u00e9tiquette \u00e0 l&rsquo;int\u00e9rieur de votre v\u00eatement.<\/p>\t\t\t\t\t\t\t\t<\/div>\n\t\t\t\t<\/div>\n\t\t\t\t\t<\/div>\n\t\t<\/div>\n\t\t\t\t\t<\/div>\n\t\t<\/section>\n\t\t\t\t<\/div>\n\t\t","protected":false},"excerpt":{"rendered":"<p>Bien que le lavage de la tenue reste \u00e0 l\u2019appr\u00e9ciation de chacun, le minimum est de la laver une fois par mois. Instructions de lavage de la tenue : \u00e0 la main ou en machine \u00e0 30\u00b0C MAXIMUM avec lessive ordinaire ou savon noir.\u00a0 ATTENTION : NE JAMAIS LAVER AVEC DES COULEURS (m\u00eame d\u00e9lav\u00e9es). \u00a0 [&hellip;]<\/p>\n","protected":false},"author":1,"featured_media":0,"parent":0,"menu_order":0,"comment_status":"closed","ping_status":"closed","template":"","meta":{"ocean_post_layout":"","ocean_both_sidebars_style":"","ocean_both_sidebars_content_width":0,"ocean_both_sidebars_sidebars_width":0,"ocean_sidebar":"0","ocean_second_sidebar":"0","ocean_disable_margins":"enable","ocean_add_body_class":"","ocean_shortcode_before_top_bar":"","ocean_shortcode_after_top_bar":"","ocean_shortcode_before_header":"","ocean_shortcode_after_header":"","ocean_has_shortcode":"","ocean_shortcode_after_title":"","ocean_shortcode_before_footer_widgets":"","ocean_shortcode_after_footer_widgets":"","ocean_shortcode_before_footer_bottom":"","ocean_shortcode_after_footer_bottom":"","ocean_display_top_bar":"default","ocean_display_header":"default","ocean_header_style":"","ocean_center_header_left_menu":"0","ocean_custom_header_template":"0","ocean_custom_logo":0,"ocean_custom_retina_logo":0,"ocean_custom_logo_max_width":0,"ocean_custom_logo_tablet_max_width":0,"ocean_custom_logo_mobile_max_width":0,"ocean_custom_logo_max_height":0,"ocean_custom_logo_tablet_max_height":0,"ocean_custom_logo_mobile_max_height":0,"ocean_header_custom_menu":"0","ocean_menu_typo_font_family":"0","ocean_menu_typo_font_subset":"","ocean_menu_typo_font_size":0,"ocean_menu_typo_font_size_tablet":0,"ocean_menu_typo_font_size_mobile":0,"ocean_menu_typo_font_size_unit":"px","ocean_menu_typo_font_weight":"","ocean_menu_typo_font_weight_tablet":"","ocean_menu_typo_font_weight_mobile":"","ocean_menu_typo_transform":"","ocean_menu_typo_transform_tablet":"","ocean_menu_typo_transform_mobile":"","ocean_menu_typo_line_height":0,"ocean_menu_typo_line_height_tablet":0,"ocean_menu_typo_line_height_mobile":0,"ocean_menu_typo_line_height_unit":"","ocean_menu_typo_spacing":0,"ocean_menu_typo_spacing_tablet":0,"ocean_menu_typo_spacing_mobile":0,"ocean_menu_typo_spacing_unit":"","ocean_menu_link_color":"","ocean_menu_link_color_hover":"","ocean_menu_link_color_active":"","ocean_menu_link_background":"","ocean_menu_link_hover_background":"","ocean_menu_link_active_background":"","ocean_menu_social_links_bg":"","ocean_menu_social_hover_links_bg":"","ocean_menu_social_links_color":"","ocean_menu_social_hover_links_color":"","ocean_disable_title":"default","ocean_disable_heading":"default","ocean_post_title":"","ocean_post_subheading":"","ocean_post_title_style":"","ocean_post_title_background_color":"","ocean_post_title_background":0,"ocean_post_title_bg_image_position":"","ocean_post_title_bg_image_attachment":"","ocean_post_title_bg_image_repeat":"","ocean_post_title_bg_image_size":"","ocean_post_title_height":0,"ocean_post_title_bg_overlay":0.5,"ocean_post_title_bg_overlay_color":"","ocean_disable_breadcrumbs":"default","ocean_breadcrumbs_color":"","ocean_breadcrumbs_separator_color":"","ocean_breadcrumbs_links_color":"","ocean_breadcrumbs_links_hover_color":"","ocean_display_footer_widgets":"default","ocean_display_footer_bottom":"default","ocean_custom_footer_template":"0","footnotes":""},"class_list":["post-260","page","type-page","status-publish","hentry","entry"],"yoast_head":"<!-- This site is optimized with the Yoast SEO plugin v27.5 - https:\/\/yoast.com\/product\/yoast-seo-wordpress\/ -->\n<title>Entretien - Club Escrime Pentathlon Saverne<\/title>\n<meta name=\"robots\" content=\"index, follow, max-snippet:-1, max-image-preview:large, max-video-preview:-1\" \/>\n<link rel=\"canonical\" href=\"https:\/\/escrime-pentathlon-saverne.fr\/?page_id=260\" \/>\n<meta property=\"og:locale\" content=\"fr_FR\" \/>\n<meta property=\"og:type\" content=\"article\" \/>\n<meta property=\"og:title\" content=\"Entretien - Club Escrime Pentathlon Saverne\" \/>\n<meta property=\"og:description\" content=\"Bien que le lavage de la tenue reste \u00e0 l\u2019appr\u00e9ciation de chacun, le minimum est de la laver une fois par mois. Instructions de lavage de la tenue : \u00e0 la main ou en machine \u00e0 30\u00b0C MAXIMUM avec lessive ordinaire ou savon noir.\u00a0 ATTENTION : NE JAMAIS LAVER AVEC DES COULEURS (m\u00eame d\u00e9lav\u00e9es). \u00a0 [&hellip;]\" \/>\n<meta property=\"og:url\" content=\"https:\/\/escrime-pentathlon-saverne.fr\/?page_id=260\" \/>\n<meta property=\"og:site_name\" content=\"Club Escrime Pentathlon Saverne\" \/>\n<meta property=\"article:modified_time\" content=\"2025-12-28T18:09:11+00:00\" \/>\n<meta name=\"twitter:card\" content=\"summary_large_image\" \/>\n<meta name=\"twitter:label1\" content=\"Dur\u00e9e de lecture estim\u00e9e\" \/>\n\t<meta name=\"twitter:data1\" content=\"1 minute\" \/>\n<script type=\"application\/ld+json\" class=\"yoast-schema-graph\">{\"@context\":\"https:\\\/\\\/schema.org\",\"@graph\":[{\"@type\":\"WebPage\",\"@id\":\"https:\\\/\\\/escrime-pentathlon-saverne.fr\\\/?page_id=260\",\"url\":\"https:\\\/\\\/escrime-pentathlon-saverne.fr\\\/?page_id=260\",\"name\":\"Entretien - Club Escrime Pentathlon Saverne\",\"isPartOf\":{\"@id\":\"https:\\\/\\\/escrime-pentathlon-saverne.fr\\\/#website\"},\"datePublished\":\"2023-08-25T07:32:40+00:00\",\"dateModified\":\"2025-12-28T18:09:11+00:00\",\"breadcrumb\":{\"@id\":\"https:\\\/\\\/escrime-pentathlon-saverne.fr\\\/?page_id=260#breadcrumb\"},\"inLanguage\":\"fr-FR\",\"potentialAction\":[{\"@type\":\"ReadAction\",\"target\":[\"https:\\\/\\\/escrime-pentathlon-saverne.fr\\\/?page_id=260\"]}]},{\"@type\":\"BreadcrumbList\",\"@id\":\"https:\\\/\\\/escrime-pentathlon-saverne.fr\\\/?page_id=260#breadcrumb\",\"itemListElement\":[{\"@type\":\"ListItem\",\"position\":1,\"name\":\"Accueil\",\"item\":\"https:\\\/\\\/escrime-pentathlon-saverne.fr\\\/\"},{\"@type\":\"ListItem\",\"position\":2,\"name\":\"Entretien\"}]},{\"@type\":\"WebSite\",\"@id\":\"https:\\\/\\\/escrime-pentathlon-saverne.fr\\\/#website\",\"url\":\"https:\\\/\\\/escrime-pentathlon-saverne.fr\\\/\",\"name\":\"Club Escrime Pentathlon Saverne\",\"description\":\"\",\"publisher\":{\"@id\":\"https:\\\/\\\/escrime-pentathlon-saverne.fr\\\/#organization\"},\"potentialAction\":[{\"@type\":\"SearchAction\",\"target\":{\"@type\":\"EntryPoint\",\"urlTemplate\":\"https:\\\/\\\/escrime-pentathlon-saverne.fr\\\/?s={search_term_string}\"},\"query-input\":{\"@type\":\"PropertyValueSpecification\",\"valueRequired\":true,\"valueName\":\"search_term_string\"}}],\"inLanguage\":\"fr-FR\"},{\"@type\":\"Organization\",\"@id\":\"https:\\\/\\\/escrime-pentathlon-saverne.fr\\\/#organization\",\"name\":\"Club Escrime Pentathlon Saverne\",\"url\":\"https:\\\/\\\/escrime-pentathlon-saverne.fr\\\/\",\"logo\":{\"@type\":\"ImageObject\",\"inLanguage\":\"fr-FR\",\"@id\":\"https:\\\/\\\/escrime-pentathlon-saverne.fr\\\/#\\\/schema\\\/logo\\\/image\\\/\",\"url\":\"https:\\\/\\\/escrime-pentathlon-saverne.fr\\\/wp-content\\\/uploads\\\/2023\\\/07\\\/cropped-Saverne_la_licorne-top-bar-1.jpg\",\"contentUrl\":\"https:\\\/\\\/escrime-pentathlon-saverne.fr\\\/wp-content\\\/uploads\\\/2023\\\/07\\\/cropped-Saverne_la_licorne-top-bar-1.jpg\",\"width\":200,\"height\":200,\"caption\":\"Club Escrime Pentathlon Saverne\"},\"image\":{\"@id\":\"https:\\\/\\\/escrime-pentathlon-saverne.fr\\\/#\\\/schema\\\/logo\\\/image\\\/\"}}]}<\/script>\n<!-- \/ Yoast SEO plugin. -->","yoast_head_json":{"title":"Entretien - Club Escrime Pentathlon Saverne","robots":{"index":"index","follow":"follow","max-snippet":"max-snippet:-1","max-image-preview":"max-image-preview:large","max-video-preview":"max-video-preview:-1"},"canonical":"https:\/\/escrime-pentathlon-saverne.fr\/?page_id=260","og_locale":"fr_FR","og_type":"article","og_title":"Entretien - Club Escrime Pentathlon Saverne","og_description":"Bien que le lavage de la tenue reste \u00e0 l\u2019appr\u00e9ciation de chacun, le minimum est de la laver une fois par mois. Instructions de lavage de la tenue : \u00e0 la main ou en machine \u00e0 30\u00b0C MAXIMUM avec lessive ordinaire ou savon noir.\u00a0 ATTENTION : NE JAMAIS LAVER AVEC DES COULEURS (m\u00eame d\u00e9lav\u00e9es). \u00a0 [&hellip;]","og_url":"https:\/\/escrime-pentathlon-saverne.fr\/?page_id=260","og_site_name":"Club Escrime Pentathlon Saverne","article_modified_time":"2025-12-28T18:09:11+00:00","twitter_card":"summary_large_image","twitter_misc":{"Dur\u00e9e de lecture estim\u00e9e":"1 minute"},"schema":{"@context":"https:\/\/schema.org","@graph":[{"@type":"WebPage","@id":"https:\/\/escrime-pentathlon-saverne.fr\/?page_id=260","url":"https:\/\/escrime-pentathlon-saverne.fr\/?page_id=260","name":"Entretien - Club Escrime Pentathlon Saverne","isPartOf":{"@id":"https:\/\/escrime-pentathlon-saverne.fr\/#website"},"datePublished":"2023-08-25T07:32:40+00:00","dateModified":"2025-12-28T18:09:11+00:00","breadcrumb":{"@id":"https:\/\/escrime-pentathlon-saverne.fr\/?page_id=260#breadcrumb"},"inLanguage":"fr-FR","potentialAction":[{"@type":"ReadAction","target":["https:\/\/escrime-pentathlon-saverne.fr\/?page_id=260"]}]},{"@type":"BreadcrumbList","@id":"https:\/\/escrime-pentathlon-saverne.fr\/?page_id=260#breadcrumb","itemListElement":[{"@type":"ListItem","position":1,"name":"Accueil","item":"https:\/\/escrime-pentathlon-saverne.fr\/"},{"@type":"ListItem","position":2,"name":"Entretien"}]},{"@type":"WebSite","@id":"https:\/\/escrime-pentathlon-saverne.fr\/#website","url":"https:\/\/escrime-pentathlon-saverne.fr\/","name":"Club Escrime Pentathlon Saverne","description":"","publisher":{"@id":"https:\/\/escrime-pentathlon-saverne.fr\/#organization"},"potentialAction":[{"@type":"SearchAction","target":{"@type":"EntryPoint","urlTemplate":"https:\/\/escrime-pentathlon-saverne.fr\/?s={search_term_string}"},"query-input":{"@type":"PropertyValueSpecification","valueRequired":true,"valueName":"search_term_string"}}],"inLanguage":"fr-FR"},{"@type":"Organization","@id":"https:\/\/escrime-pentathlon-saverne.fr\/#organization","name":"Club Escrime Pentathlon Saverne","url":"https:\/\/escrime-pentathlon-saverne.fr\/","logo":{"@type":"ImageObject","inLanguage":"fr-FR","@id":"https:\/\/escrime-pentathlon-saverne.fr\/#\/schema\/logo\/image\/","url":"https:\/\/escrime-pentathlon-saverne.fr\/wp-content\/uploads\/2023\/07\/cropped-Saverne_la_licorne-top-bar-1.jpg","contentUrl":"https:\/\/escrime-pentathlon-saverne.fr\/wp-content\/uploads\/2023\/07\/cropped-Saverne_la_licorne-top-bar-1.jpg","width":200,"height":200,"caption":"Club Escrime Pentathlon Saverne"},"image":{"@id":"https:\/\/escrime-pentathlon-saverne.fr\/#\/schema\/logo\/image\/"}}]}},"_links":{"self":[{"href":"https:\/\/escrime-pentathlon-saverne.fr\/index.php?rest_route=\/wp\/v2\/pages\/260","targetHints":{"allow":["GET"]}}],"collection":[{"href":"https:\/\/escrime-pentathlon-saverne.fr\/index.php?rest_route=\/wp\/v2\/pages"}],"about":[{"href":"https:\/\/escrime-pentathlon-saverne.fr\/index.php?rest_route=\/wp\/v2\/types\/page"}],"author":[{"embeddable":true,"href":"https:\/\/escrime-pentathlon-saverne.fr\/index.php?rest_route=\/wp\/v2\/users\/1"}],"replies":[{"embeddable":true,"href":"https:\/\/escrime-pentathlon-saverne.fr\/index.php?rest_route=%2Fwp%2Fv2%2Fcomments&post=260"}],"version-history":[{"count":28,"href":"https:\/\/escrime-pentathlon-saverne.fr\/index.php?rest_route=\/wp\/v2\/pages\/260\/revisions"}],"predecessor-version":[{"id":846,"href":"https:\/\/escrime-pentathlon-saverne.fr\/index.php?rest_route=\/wp\/v2\/pages\/260\/revisions\/846"}],"wp:attachment":[{"href":"https:\/\/escrime-pentathlon-saverne.fr\/index.php?rest_route=%2Fwp%2Fv2%2Fmedia&parent=260"}],"curies":[{"name":"wp","href":"https:\/\/api.w.org\/{rel}","templated":true}]}}