{"id":262,"date":"2023-08-25T09:32:53","date_gmt":"2023-08-25T07:32:53","guid":{"rendered":"https:\/\/escrime-pentathlon-saverne.fr\/?page_id=262"},"modified":"2025-11-25T17:45:22","modified_gmt":"2025-11-25T16:45:22","slug":"competition","status":"publish","type":"page","link":"https:\/\/escrime-pentathlon-saverne.fr\/?page_id=262","title":{"rendered":"Comp\u00e9tition"},"content":{"rendered":"\t\t<div data-elementor-type=\"wp-page\" data-elementor-id=\"262\" class=\"elementor elementor-262\">\n\t\t\t\t\t\t<section class=\"elementor-section elementor-top-section elementor-element elementor-element-985175c elementor-section-boxed elementor-section-height-default elementor-section-height-default\" data-id=\"985175c\" data-element_type=\"section\" data-e-type=\"section\">\n\t\t\t\t\t\t<div class=\"elementor-container elementor-column-gap-default\">\n\t\t\t\t\t<div class=\"elementor-column elementor-col-100 elementor-top-column elementor-element elementor-element-977ec2c\" data-id=\"977ec2c\" data-element_type=\"column\" data-e-type=\"column\">\n\t\t\t<div class=\"elementor-widget-wrap elementor-element-populated\">\n\t\t\t\t\t\t<section class=\"elementor-section elementor-inner-section elementor-element elementor-element-9d4181a elementor-section-boxed elementor-section-height-default elementor-section-height-default\" data-id=\"9d4181a\" data-element_type=\"section\" data-e-type=\"section\">\n\t\t\t\t\t\t<div class=\"elementor-container elementor-column-gap-default\">\n\t\t\t\t\t<div class=\"elementor-column elementor-col-50 elementor-inner-column elementor-element elementor-element-c361cec\" data-id=\"c361cec\" data-element_type=\"column\" data-e-type=\"column\">\n\t\t\t<div class=\"elementor-widget-wrap elementor-element-populated\">\n\t\t\t\t\t\t<div class=\"elementor-element elementor-element-36dc2d7 elementor-widget elementor-widget-text-editor\" data-id=\"36dc2d7\" data-element_type=\"widget\" data-e-type=\"widget\" data-widget_type=\"text-editor.default\">\n\t\t\t\t<div class=\"elementor-widget-container\">\n\t\t\t\t\t\t\t\t\t<div class=\"xdj266r x11i5rnm xat24cr x1mh8g0r x1vvkbs x126k92a\"><div dir=\"auto\">Jessica THIERRY termine \u00e0 la 4\u00e8me place des qualifications au Championnat de France de Laser-Run \u00e0 VULVAINE SUR SEINE, r\u00e9sultat tr\u00e8s encourageant pour une premi\u00e8re comp\u00e9tition.<\/div><\/div><div class=\"x11i5rnm xat24cr x1mh8g0r x1vvkbs xtlvy1s x126k92a\"><div dir=\"auto\">Sur la 2\u00e8me photo Jessica est au milieu suivi de Mohamed MTIR, un athl\u00e8te du club de NEUILLY PLAISANCE qui \u00e9tait venu en novembre lors de notre rencontre interclub.<\/div><\/div>\t\t\t\t\t\t\t\t<\/div>\n\t\t\t\t<\/div>\n\t\t\t\t\t<\/div>\n\t\t<\/div>\n\t\t\t\t<div class=\"elementor-column elementor-col-50 elementor-inner-column elementor-element elementor-element-681dc87\" data-id=\"681dc87\" data-element_type=\"column\" data-e-type=\"column\">\n\t\t\t<div class=\"elementor-widget-wrap elementor-element-populated\">\n\t\t\t\t\t\t<div class=\"elementor-element elementor-element-9e3e0c9 elementor-arrows-position-inside elementor-pagination-position-outside elementor-widget elementor-widget-image-carousel\" data-id=\"9e3e0c9\" data-element_type=\"widget\" data-e-type=\"widget\" data-settings=\"{&quot;slides_to_show&quot;:&quot;1&quot;,&quot;navigation&quot;:&quot;both&quot;,&quot;autoplay&quot;:&quot;yes&quot;,&quot;pause_on_hover&quot;:&quot;yes&quot;,&quot;pause_on_interaction&quot;:&quot;yes&quot;,&quot;autoplay_speed&quot;:5000,&quot;infinite&quot;:&quot;yes&quot;,&quot;effect&quot;:&quot;slide&quot;,&quot;speed&quot;:500}\" data-widget_type=\"image-carousel.default\">\n\t\t\t\t<div class=\"elementor-widget-container\">\n\t\t\t\t\t\t\t<div class=\"elementor-image-carousel-wrapper swiper\" role=\"region\" aria-roledescription=\"carousel\" aria-label=\"Carrousel d\u2019images\" dir=\"ltr\">\n\t\t\t<div class=\"elementor-image-carousel swiper-wrapper\" aria-live=\"off\">\n\t\t\t\t\t\t\t\t<div class=\"swiper-slide\" role=\"group\" aria-roledescription=\"slide\" aria-label=\"1 sur 3\"><figure class=\"swiper-slide-inner\"><img decoding=\"async\" class=\"swiper-slide-image\" src=\"https:\/\/escrime-pentathlon-saverne.fr\/wp-content\/uploads\/2025\/04\/IMG_0344.jpg\" alt=\"IMG_0344\" \/><\/figure><\/div><div class=\"swiper-slide\" role=\"group\" aria-roledescription=\"slide\" aria-label=\"2 sur 3\"><figure class=\"swiper-slide-inner\"><img decoding=\"async\" class=\"swiper-slide-image\" src=\"https:\/\/escrime-pentathlon-saverne.fr\/wp-content\/uploads\/2025\/04\/IMG_0336.jpg\" alt=\"IMG_0336\" \/><\/figure><\/div><div class=\"swiper-slide\" role=\"group\" aria-roledescription=\"slide\" aria-label=\"3 sur 3\"><figure class=\"swiper-slide-inner\"><img decoding=\"async\" class=\"swiper-slide-image\" src=\"https:\/\/escrime-pentathlon-saverne.fr\/wp-content\/uploads\/2025\/04\/Capture-decran-2025-04-13-162325.png\" alt=\"Capture d\u2019\u00e9cran 2025-04-13 162325\" \/><\/figure><\/div>\t\t\t<\/div>\n\t\t\t\t\t\t\t\t\t\t\t\t<div class=\"elementor-swiper-button elementor-swiper-button-prev\" role=\"button\" tabindex=\"0\">\n\t\t\t\t\t\t<i aria-hidden=\"true\" class=\"eicon-chevron-left\"><\/i>\t\t\t\t\t<\/div>\n\t\t\t\t\t<div class=\"elementor-swiper-button elementor-swiper-button-next\" role=\"button\" tabindex=\"0\">\n\t\t\t\t\t\t<i aria-hidden=\"true\" class=\"eicon-chevron-right\"><\/i>\t\t\t\t\t<\/div>\n\t\t\t\t\n\t\t\t\t\t\t\t\t\t<div class=\"swiper-pagination\"><\/div>\n\t\t\t\t\t\t\t\t\t<\/div>\n\t\t\t\t\t\t<\/div>\n\t\t\t\t<\/div>\n\t\t\t\t\t<\/div>\n\t\t<\/div>\n\t\t\t\t\t<\/div>\n\t\t<\/section>\n\t\t\t\t\t<\/div>\n\t\t<\/div>\n\t\t\t\t\t<\/div>\n\t\t<\/section>\n\t\t\t\t<\/div>\n\t\t","protected":false},"excerpt":{"rendered":"<p>Jessica THIERRY termine \u00e0 la 4\u00e8me place des qualifications au Championnat de France de Laser-Run \u00e0 VULVAINE SUR SEINE, r\u00e9sultat tr\u00e8s encourageant pour une premi\u00e8re comp\u00e9tition.Sur la 2\u00e8me photo Jessica est au milieu suivi de Mohamed MTIR, un athl\u00e8te du club de NEUILLY PLAISANCE qui \u00e9tait venu en novembre lors de notre rencontre interclub.<\/p>\n","protected":false},"author":1,"featured_media":0,"parent":0,"menu_order":0,"comment_status":"closed","ping_status":"closed","template":"","meta":{"ocean_post_layout":"","ocean_both_sidebars_style":"","ocean_both_sidebars_content_width":0,"ocean_both_sidebars_sidebars_width":0,"ocean_sidebar":"0","ocean_second_sidebar":"0","ocean_disable_margins":"enable","ocean_add_body_class":"","ocean_shortcode_before_top_bar":"","ocean_shortcode_after_top_bar":"","ocean_shortcode_before_header":"","ocean_shortcode_after_header":"","ocean_has_shortcode":"","ocean_shortcode_after_title":"","ocean_shortcode_before_footer_widgets":"","ocean_shortcode_after_footer_widgets":"","ocean_shortcode_before_footer_bottom":"","ocean_shortcode_after_footer_bottom":"","ocean_display_top_bar":"default","ocean_display_header":"default","ocean_header_style":"","ocean_center_header_left_menu":"0","ocean_custom_header_template":"0","ocean_custom_logo":0,"ocean_custom_retina_logo":0,"ocean_custom_logo_max_width":0,"ocean_custom_logo_tablet_max_width":0,"ocean_custom_logo_mobile_max_width":0,"ocean_custom_logo_max_height":0,"ocean_custom_logo_tablet_max_height":0,"ocean_custom_logo_mobile_max_height":0,"ocean_header_custom_menu":"0","ocean_menu_typo_font_family":"0","ocean_menu_typo_font_subset":"","ocean_menu_typo_font_size":0,"ocean_menu_typo_font_size_tablet":0,"ocean_menu_typo_font_size_mobile":0,"ocean_menu_typo_font_size_unit":"px","ocean_menu_typo_font_weight":"","ocean_menu_typo_font_weight_tablet":"","ocean_menu_typo_font_weight_mobile":"","ocean_menu_typo_transform":"","ocean_menu_typo_transform_tablet":"","ocean_menu_typo_transform_mobile":"","ocean_menu_typo_line_height":0,"ocean_menu_typo_line_height_tablet":0,"ocean_menu_typo_line_height_mobile":0,"ocean_menu_typo_line_height_unit":"","ocean_menu_typo_spacing":0,"ocean_menu_typo_spacing_tablet":0,"ocean_menu_typo_spacing_mobile":0,"ocean_menu_typo_spacing_unit":"","ocean_menu_link_color":"","ocean_menu_link_color_hover":"","ocean_menu_link_color_active":"","ocean_menu_link_background":"","ocean_menu_link_hover_background":"","ocean_menu_link_active_background":"","ocean_menu_social_links_bg":"","ocean_menu_social_hover_links_bg":"","ocean_menu_social_links_color":"","ocean_menu_social_hover_links_color":"","ocean_disable_title":"default","ocean_disable_heading":"default","ocean_post_title":"","ocean_post_subheading":"","ocean_post_title_style":"","ocean_post_title_background_color":"","ocean_post_title_background":0,"ocean_post_title_bg_image_position":"","ocean_post_title_bg_image_attachment":"","ocean_post_title_bg_image_repeat":"","ocean_post_title_bg_image_size":"","ocean_post_title_height":0,"ocean_post_title_bg_overlay":0.5,"ocean_post_title_bg_overlay_color":"","ocean_disable_breadcrumbs":"default","ocean_breadcrumbs_color":"","ocean_breadcrumbs_separator_color":"","ocean_breadcrumbs_links_color":"","ocean_breadcrumbs_links_hover_color":"","ocean_display_footer_widgets":"default","ocean_display_footer_bottom":"default","ocean_custom_footer_template":"0","footnotes":""},"class_list":["post-262","page","type-page","status-publish","hentry","entry"],"yoast_head":"<!-- This site is optimized with the Yoast SEO plugin v27.5 - https:\/\/yoast.com\/product\/yoast-seo-wordpress\/ -->\n<title>Comp\u00e9tition - Club Escrime Pentathlon Saverne<\/title>\n<meta name=\"robots\" content=\"index, follow, max-snippet:-1, max-image-preview:large, max-video-preview:-1\" \/>\n<link rel=\"canonical\" href=\"https:\/\/escrime-pentathlon-saverne.fr\/?page_id=262\" \/>\n<meta property=\"og:locale\" content=\"fr_FR\" \/>\n<meta property=\"og:type\" content=\"article\" \/>\n<meta property=\"og:title\" content=\"Comp\u00e9tition - Club Escrime Pentathlon Saverne\" \/>\n<meta property=\"og:description\" content=\"Jessica THIERRY termine \u00e0 la 4\u00e8me place des qualifications au Championnat de France de Laser-Run \u00e0 VULVAINE SUR SEINE, r\u00e9sultat tr\u00e8s encourageant pour une premi\u00e8re comp\u00e9tition.Sur la 2\u00e8me photo Jessica est au milieu suivi de Mohamed MTIR, un athl\u00e8te du club de NEUILLY PLAISANCE qui \u00e9tait venu en novembre lors de notre rencontre interclub.\" \/>\n<meta property=\"og:url\" content=\"https:\/\/escrime-pentathlon-saverne.fr\/?page_id=262\" \/>\n<meta property=\"og:site_name\" content=\"Club Escrime Pentathlon Saverne\" \/>\n<meta property=\"article:modified_time\" content=\"2025-11-25T16:45:22+00:00\" \/>\n<meta property=\"og:image\" content=\"https:\/\/escrime-pentathlon-saverne.fr\/wp-content\/uploads\/2025\/04\/IMG_0344.jpg\" \/>\n<meta name=\"twitter:card\" content=\"summary_large_image\" \/>\n<meta name=\"twitter:label1\" content=\"Dur\u00e9e de lecture estim\u00e9e\" \/>\n\t<meta name=\"twitter:data1\" content=\"2 minutes\" \/>\n<script type=\"application\/ld+json\" class=\"yoast-schema-graph\">{\"@context\":\"https:\\\/\\\/schema.org\",\"@graph\":[{\"@type\":\"WebPage\",\"@id\":\"https:\\\/\\\/escrime-pentathlon-saverne.fr\\\/?page_id=262\",\"url\":\"https:\\\/\\\/escrime-pentathlon-saverne.fr\\\/?page_id=262\",\"name\":\"Comp\u00e9tition - Club Escrime Pentathlon Saverne\",\"isPartOf\":{\"@id\":\"https:\\\/\\\/escrime-pentathlon-saverne.fr\\\/#website\"},\"primaryImageOfPage\":{\"@id\":\"https:\\\/\\\/escrime-pentathlon-saverne.fr\\\/?page_id=262#primaryimage\"},\"image\":{\"@id\":\"https:\\\/\\\/escrime-pentathlon-saverne.fr\\\/?page_id=262#primaryimage\"},\"thumbnailUrl\":\"https:\\\/\\\/escrime-pentathlon-saverne.fr\\\/wp-content\\\/uploads\\\/2025\\\/04\\\/IMG_0344.jpg\",\"datePublished\":\"2023-08-25T07:32:53+00:00\",\"dateModified\":\"2025-11-25T16:45:22+00:00\",\"breadcrumb\":{\"@id\":\"https:\\\/\\\/escrime-pentathlon-saverne.fr\\\/?page_id=262#breadcrumb\"},\"inLanguage\":\"fr-FR\",\"potentialAction\":[{\"@type\":\"ReadAction\",\"target\":[\"https:\\\/\\\/escrime-pentathlon-saverne.fr\\\/?page_id=262\"]}]},{\"@type\":\"ImageObject\",\"inLanguage\":\"fr-FR\",\"@id\":\"https:\\\/\\\/escrime-pentathlon-saverne.fr\\\/?page_id=262#primaryimage\",\"url\":\"https:\\\/\\\/escrime-pentathlon-saverne.fr\\\/wp-content\\\/uploads\\\/2025\\\/04\\\/IMG_0344.jpg\",\"contentUrl\":\"https:\\\/\\\/escrime-pentathlon-saverne.fr\\\/wp-content\\\/uploads\\\/2025\\\/04\\\/IMG_0344.jpg\",\"width\":1920,\"height\":1280},{\"@type\":\"BreadcrumbList\",\"@id\":\"https:\\\/\\\/escrime-pentathlon-saverne.fr\\\/?page_id=262#breadcrumb\",\"itemListElement\":[{\"@type\":\"ListItem\",\"position\":1,\"name\":\"Accueil\",\"item\":\"https:\\\/\\\/escrime-pentathlon-saverne.fr\\\/\"},{\"@type\":\"ListItem\",\"position\":2,\"name\":\"Comp\u00e9tition\"}]},{\"@type\":\"WebSite\",\"@id\":\"https:\\\/\\\/escrime-pentathlon-saverne.fr\\\/#website\",\"url\":\"https:\\\/\\\/escrime-pentathlon-saverne.fr\\\/\",\"name\":\"Club Escrime Pentathlon Saverne\",\"description\":\"\",\"publisher\":{\"@id\":\"https:\\\/\\\/escrime-pentathlon-saverne.fr\\\/#organization\"},\"potentialAction\":[{\"@type\":\"SearchAction\",\"target\":{\"@type\":\"EntryPoint\",\"urlTemplate\":\"https:\\\/\\\/escrime-pentathlon-saverne.fr\\\/?s={search_term_string}\"},\"query-input\":{\"@type\":\"PropertyValueSpecification\",\"valueRequired\":true,\"valueName\":\"search_term_string\"}}],\"inLanguage\":\"fr-FR\"},{\"@type\":\"Organization\",\"@id\":\"https:\\\/\\\/escrime-pentathlon-saverne.fr\\\/#organization\",\"name\":\"Club Escrime Pentathlon Saverne\",\"url\":\"https:\\\/\\\/escrime-pentathlon-saverne.fr\\\/\",\"logo\":{\"@type\":\"ImageObject\",\"inLanguage\":\"fr-FR\",\"@id\":\"https:\\\/\\\/escrime-pentathlon-saverne.fr\\\/#\\\/schema\\\/logo\\\/image\\\/\",\"url\":\"https:\\\/\\\/escrime-pentathlon-saverne.fr\\\/wp-content\\\/uploads\\\/2023\\\/07\\\/cropped-Saverne_la_licorne-top-bar-1.jpg\",\"contentUrl\":\"https:\\\/\\\/escrime-pentathlon-saverne.fr\\\/wp-content\\\/uploads\\\/2023\\\/07\\\/cropped-Saverne_la_licorne-top-bar-1.jpg\",\"width\":200,\"height\":200,\"caption\":\"Club Escrime Pentathlon Saverne\"},\"image\":{\"@id\":\"https:\\\/\\\/escrime-pentathlon-saverne.fr\\\/#\\\/schema\\\/logo\\\/image\\\/\"}}]}<\/script>\n<!-- \/ Yoast SEO plugin. -->","yoast_head_json":{"title":"Comp\u00e9tition - Club Escrime Pentathlon Saverne","robots":{"index":"index","follow":"follow","max-snippet":"max-snippet:-1","max-image-preview":"max-image-preview:large","max-video-preview":"max-video-preview:-1"},"canonical":"https:\/\/escrime-pentathlon-saverne.fr\/?page_id=262","og_locale":"fr_FR","og_type":"article","og_title":"Comp\u00e9tition - Club Escrime Pentathlon Saverne","og_description":"Jessica THIERRY termine \u00e0 la 4\u00e8me place des qualifications au Championnat de France de Laser-Run \u00e0 VULVAINE SUR SEINE, r\u00e9sultat tr\u00e8s encourageant pour une premi\u00e8re comp\u00e9tition.Sur la 2\u00e8me photo Jessica est au milieu suivi de Mohamed MTIR, un athl\u00e8te du club de NEUILLY PLAISANCE qui \u00e9tait venu en novembre lors de notre rencontre interclub.","og_url":"https:\/\/escrime-pentathlon-saverne.fr\/?page_id=262","og_site_name":"Club Escrime Pentathlon Saverne","article_modified_time":"2025-11-25T16:45:22+00:00","og_image":[{"url":"https:\/\/escrime-pentathlon-saverne.fr\/wp-content\/uploads\/2025\/04\/IMG_0344.jpg","type":"","width":"","height":""}],"twitter_card":"summary_large_image","twitter_misc":{"Dur\u00e9e de lecture estim\u00e9e":"2 minutes"},"schema":{"@context":"https:\/\/schema.org","@graph":[{"@type":"WebPage","@id":"https:\/\/escrime-pentathlon-saverne.fr\/?page_id=262","url":"https:\/\/escrime-pentathlon-saverne.fr\/?page_id=262","name":"Comp\u00e9tition - Club Escrime Pentathlon Saverne","isPartOf":{"@id":"https:\/\/escrime-pentathlon-saverne.fr\/#website"},"primaryImageOfPage":{"@id":"https:\/\/escrime-pentathlon-saverne.fr\/?page_id=262#primaryimage"},"image":{"@id":"https:\/\/escrime-pentathlon-saverne.fr\/?page_id=262#primaryimage"},"thumbnailUrl":"https:\/\/escrime-pentathlon-saverne.fr\/wp-content\/uploads\/2025\/04\/IMG_0344.jpg","datePublished":"2023-08-25T07:32:53+00:00","dateModified":"2025-11-25T16:45:22+00:00","breadcrumb":{"@id":"https:\/\/escrime-pentathlon-saverne.fr\/?page_id=262#breadcrumb"},"inLanguage":"fr-FR","potentialAction":[{"@type":"ReadAction","target":["https:\/\/escrime-pentathlon-saverne.fr\/?page_id=262"]}]},{"@type":"ImageObject","inLanguage":"fr-FR","@id":"https:\/\/escrime-pentathlon-saverne.fr\/?page_id=262#primaryimage","url":"https:\/\/escrime-pentathlon-saverne.fr\/wp-content\/uploads\/2025\/04\/IMG_0344.jpg","contentUrl":"https:\/\/escrime-pentathlon-saverne.fr\/wp-content\/uploads\/2025\/04\/IMG_0344.jpg","width":1920,"height":1280},{"@type":"BreadcrumbList","@id":"https:\/\/escrime-pentathlon-saverne.fr\/?page_id=262#breadcrumb","itemListElement":[{"@type":"ListItem","position":1,"name":"Accueil","item":"https:\/\/escrime-pentathlon-saverne.fr\/"},{"@type":"ListItem","position":2,"name":"Comp\u00e9tition"}]},{"@type":"WebSite","@id":"https:\/\/escrime-pentathlon-saverne.fr\/#website","url":"https:\/\/escrime-pentathlon-saverne.fr\/","name":"Club Escrime Pentathlon Saverne","description":"","publisher":{"@id":"https:\/\/escrime-pentathlon-saverne.fr\/#organization"},"potentialAction":[{"@type":"SearchAction","target":{"@type":"EntryPoint","urlTemplate":"https:\/\/escrime-pentathlon-saverne.fr\/?s={search_term_string}"},"query-input":{"@type":"PropertyValueSpecification","valueRequired":true,"valueName":"search_term_string"}}],"inLanguage":"fr-FR"},{"@type":"Organization","@id":"https:\/\/escrime-pentathlon-saverne.fr\/#organization","name":"Club Escrime Pentathlon Saverne","url":"https:\/\/escrime-pentathlon-saverne.fr\/","logo":{"@type":"ImageObject","inLanguage":"fr-FR","@id":"https:\/\/escrime-pentathlon-saverne.fr\/#\/schema\/logo\/image\/","url":"https:\/\/escrime-pentathlon-saverne.fr\/wp-content\/uploads\/2023\/07\/cropped-Saverne_la_licorne-top-bar-1.jpg","contentUrl":"https:\/\/escrime-pentathlon-saverne.fr\/wp-content\/uploads\/2023\/07\/cropped-Saverne_la_licorne-top-bar-1.jpg","width":200,"height":200,"caption":"Club Escrime Pentathlon Saverne"},"image":{"@id":"https:\/\/escrime-pentathlon-saverne.fr\/#\/schema\/logo\/image\/"}}]}},"_links":{"self":[{"href":"https:\/\/escrime-pentathlon-saverne.fr\/index.php?rest_route=\/wp\/v2\/pages\/262","targetHints":{"allow":["GET"]}}],"collection":[{"href":"https:\/\/escrime-pentathlon-saverne.fr\/index.php?rest_route=\/wp\/v2\/pages"}],"about":[{"href":"https:\/\/escrime-pentathlon-saverne.fr\/index.php?rest_route=\/wp\/v2\/types\/page"}],"author":[{"embeddable":true,"href":"https:\/\/escrime-pentathlon-saverne.fr\/index.php?rest_route=\/wp\/v2\/users\/1"}],"replies":[{"embeddable":true,"href":"https:\/\/escrime-pentathlon-saverne.fr\/index.php?rest_route=%2Fwp%2Fv2%2Fcomments&post=262"}],"version-history":[{"count":7,"href":"https:\/\/escrime-pentathlon-saverne.fr\/index.php?rest_route=\/wp\/v2\/pages\/262\/revisions"}],"predecessor-version":[{"id":762,"href":"https:\/\/escrime-pentathlon-saverne.fr\/index.php?rest_route=\/wp\/v2\/pages\/262\/revisions\/762"}],"wp:attachment":[{"href":"https:\/\/escrime-pentathlon-saverne.fr\/index.php?rest_route=%2Fwp%2Fv2%2Fmedia&parent=262"}],"curies":[{"name":"wp","href":"https:\/\/api.w.org\/{rel}","templated":true}]}}