{"id":275,"date":"2023-08-25T09:36:25","date_gmt":"2023-08-25T07:36:25","guid":{"rendered":"https:\/\/escrime-pentathlon-saverne.fr\/?page_id=275"},"modified":"2024-05-02T20:17:36","modified_gmt":"2024-05-02T18:17:36","slug":"equipement-2","status":"publish","type":"page","link":"https:\/\/escrime-pentathlon-saverne.fr\/?page_id=275","title":{"rendered":"Equipement"},"content":{"rendered":"\t\t<div data-elementor-type=\"wp-page\" data-elementor-id=\"275\" class=\"elementor elementor-275\">\n\t\t\t\t\t\t<section class=\"elementor-section elementor-top-section elementor-element elementor-element-49762d3 elementor-section-boxed elementor-section-height-default elementor-section-height-default\" data-id=\"49762d3\" data-element_type=\"section\" data-e-type=\"section\">\n\t\t\t\t\t\t<div class=\"elementor-container elementor-column-gap-default\">\n\t\t\t\t\t<div class=\"elementor-column elementor-col-100 elementor-top-column elementor-element elementor-element-77ca96a\" data-id=\"77ca96a\" data-element_type=\"column\" data-e-type=\"column\">\n\t\t\t<div class=\"elementor-widget-wrap elementor-element-populated\">\n\t\t\t\t\t\t<div class=\"elementor-element elementor-element-aacc5b4 elementor-widget elementor-widget-text-editor\" data-id=\"aacc5b4\" data-element_type=\"widget\" data-e-type=\"widget\" data-widget_type=\"text-editor.default\">\n\t\t\t\t<div class=\"elementor-widget-container\">\n\t\t\t\t\t\t\t\t\t<p>Le Pentathlon Moderne comprend cinq sports : course et tir (en combin\u00e9: Laser-Run), natation, escrime, course d&rsquo;obstacles (type \u00abspartan\u00bb) apr\u00e8s les J.O 2024.<\/p><p>Pour la course (et course d&rsquo;obstacles) comme pour la natation il faut un \u00e9quipement sp\u00e9cifique facilement accessible. Pour l&rsquo;escrime, le club vous fournis l&rsquo;\u00e9quipement \u00e0 la prise de license sp\u00e9cifique. Pour le tir, nous mettons \u00e0 disposition les simulateurs laser et cibles pour les entra\u00eenements et nous sommes \u00e0 votre disposition pour des conseils gratuits si vous souhaitez vous \u00e9quiper personnellement.<\/p>\t\t\t\t\t\t\t\t<\/div>\n\t\t\t\t<\/div>\n\t\t\t\t\t<\/div>\n\t\t<\/div>\n\t\t\t\t\t<\/div>\n\t\t<\/section>\n\t\t\t\t<\/div>\n\t\t","protected":false},"excerpt":{"rendered":"<p>Le Pentathlon Moderne comprend cinq sports : course et tir (en combin\u00e9: Laser-Run), natation, escrime, course d&rsquo;obstacles (type \u00abspartan\u00bb) apr\u00e8s les J.O 2024. Pour la course (et course d&rsquo;obstacles) comme pour la natation il faut un \u00e9quipement sp\u00e9cifique facilement accessible. Pour l&rsquo;escrime, le club vous fournis l&rsquo;\u00e9quipement \u00e0 la prise de license sp\u00e9cifique. Pour le [&hellip;]<\/p>\n","protected":false},"author":1,"featured_media":0,"parent":0,"menu_order":0,"comment_status":"closed","ping_status":"closed","template":"","meta":{"ocean_post_layout":"","ocean_both_sidebars_style":"","ocean_both_sidebars_content_width":0,"ocean_both_sidebars_sidebars_width":0,"ocean_sidebar":"0","ocean_second_sidebar":"0","ocean_disable_margins":"enable","ocean_add_body_class":"","ocean_shortcode_before_top_bar":"","ocean_shortcode_after_top_bar":"","ocean_shortcode_before_header":"","ocean_shortcode_after_header":"","ocean_has_shortcode":"","ocean_shortcode_after_title":"","ocean_shortcode_before_footer_widgets":"","ocean_shortcode_after_footer_widgets":"","ocean_shortcode_before_footer_bottom":"","ocean_shortcode_after_footer_bottom":"","ocean_display_top_bar":"default","ocean_display_header":"default","ocean_header_style":"","ocean_center_header_left_menu":"0","ocean_custom_header_template":"0","ocean_custom_logo":0,"ocean_custom_retina_logo":0,"ocean_custom_logo_max_width":0,"ocean_custom_logo_tablet_max_width":0,"ocean_custom_logo_mobile_max_width":0,"ocean_custom_logo_max_height":0,"ocean_custom_logo_tablet_max_height":0,"ocean_custom_logo_mobile_max_height":0,"ocean_header_custom_menu":"0","ocean_menu_typo_font_family":"0","ocean_menu_typo_font_subset":"","ocean_menu_typo_font_size":0,"ocean_menu_typo_font_size_tablet":0,"ocean_menu_typo_font_size_mobile":0,"ocean_menu_typo_font_size_unit":"px","ocean_menu_typo_font_weight":"","ocean_menu_typo_font_weight_tablet":"","ocean_menu_typo_font_weight_mobile":"","ocean_menu_typo_transform":"","ocean_menu_typo_transform_tablet":"","ocean_menu_typo_transform_mobile":"","ocean_menu_typo_line_height":0,"ocean_menu_typo_line_height_tablet":0,"ocean_menu_typo_line_height_mobile":0,"ocean_menu_typo_line_height_unit":"","ocean_menu_typo_spacing":0,"ocean_menu_typo_spacing_tablet":0,"ocean_menu_typo_spacing_mobile":0,"ocean_menu_typo_spacing_unit":"","ocean_menu_link_color":"","ocean_menu_link_color_hover":"","ocean_menu_link_color_active":"","ocean_menu_link_background":"","ocean_menu_link_hover_background":"","ocean_menu_link_active_background":"","ocean_menu_social_links_bg":"","ocean_menu_social_hover_links_bg":"","ocean_menu_social_links_color":"","ocean_menu_social_hover_links_color":"","ocean_disable_title":"default","ocean_disable_heading":"default","ocean_post_title":"","ocean_post_subheading":"","ocean_post_title_style":"","ocean_post_title_background_color":"","ocean_post_title_background":0,"ocean_post_title_bg_image_position":"","ocean_post_title_bg_image_attachment":"","ocean_post_title_bg_image_repeat":"","ocean_post_title_bg_image_size":"","ocean_post_title_height":0,"ocean_post_title_bg_overlay":0.5,"ocean_post_title_bg_overlay_color":"","ocean_disable_breadcrumbs":"default","ocean_breadcrumbs_color":"","ocean_breadcrumbs_separator_color":"","ocean_breadcrumbs_links_color":"","ocean_breadcrumbs_links_hover_color":"","ocean_display_footer_widgets":"default","ocean_display_footer_bottom":"default","ocean_custom_footer_template":"0","footnotes":""},"class_list":["post-275","page","type-page","status-publish","hentry","entry"],"yoast_head":"<!-- This site is optimized with the Yoast SEO plugin v27.5 - https:\/\/yoast.com\/product\/yoast-seo-wordpress\/ -->\n<title>Equipement - Club Escrime Pentathlon Saverne<\/title>\n<meta name=\"robots\" content=\"index, follow, max-snippet:-1, max-image-preview:large, max-video-preview:-1\" \/>\n<link rel=\"canonical\" href=\"https:\/\/escrime-pentathlon-saverne.fr\/?page_id=275\" \/>\n<meta property=\"og:locale\" content=\"fr_FR\" \/>\n<meta property=\"og:type\" content=\"article\" \/>\n<meta property=\"og:title\" content=\"Equipement - Club Escrime Pentathlon Saverne\" \/>\n<meta property=\"og:description\" content=\"Le Pentathlon Moderne comprend cinq sports : course et tir (en combin\u00e9: Laser-Run), natation, escrime, course d&rsquo;obstacles (type \u00abspartan\u00bb) apr\u00e8s les J.O 2024. Pour la course (et course d&rsquo;obstacles) comme pour la natation il faut un \u00e9quipement sp\u00e9cifique facilement accessible. Pour l&rsquo;escrime, le club vous fournis l&rsquo;\u00e9quipement \u00e0 la prise de license sp\u00e9cifique. Pour le [&hellip;]\" \/>\n<meta property=\"og:url\" content=\"https:\/\/escrime-pentathlon-saverne.fr\/?page_id=275\" \/>\n<meta property=\"og:site_name\" content=\"Club Escrime Pentathlon Saverne\" \/>\n<meta property=\"article:modified_time\" content=\"2024-05-02T18:17:36+00:00\" \/>\n<meta name=\"twitter:card\" content=\"summary_large_image\" \/>\n<meta name=\"twitter:label1\" content=\"Dur\u00e9e de lecture estim\u00e9e\" \/>\n\t<meta name=\"twitter:data1\" content=\"1 minute\" \/>\n<script type=\"application\/ld+json\" class=\"yoast-schema-graph\">{\"@context\":\"https:\\\/\\\/schema.org\",\"@graph\":[{\"@type\":\"WebPage\",\"@id\":\"https:\\\/\\\/escrime-pentathlon-saverne.fr\\\/?page_id=275\",\"url\":\"https:\\\/\\\/escrime-pentathlon-saverne.fr\\\/?page_id=275\",\"name\":\"Equipement - Club Escrime Pentathlon Saverne\",\"isPartOf\":{\"@id\":\"https:\\\/\\\/escrime-pentathlon-saverne.fr\\\/#website\"},\"datePublished\":\"2023-08-25T07:36:25+00:00\",\"dateModified\":\"2024-05-02T18:17:36+00:00\",\"breadcrumb\":{\"@id\":\"https:\\\/\\\/escrime-pentathlon-saverne.fr\\\/?page_id=275#breadcrumb\"},\"inLanguage\":\"fr-FR\",\"potentialAction\":[{\"@type\":\"ReadAction\",\"target\":[\"https:\\\/\\\/escrime-pentathlon-saverne.fr\\\/?page_id=275\"]}]},{\"@type\":\"BreadcrumbList\",\"@id\":\"https:\\\/\\\/escrime-pentathlon-saverne.fr\\\/?page_id=275#breadcrumb\",\"itemListElement\":[{\"@type\":\"ListItem\",\"position\":1,\"name\":\"Accueil\",\"item\":\"https:\\\/\\\/escrime-pentathlon-saverne.fr\\\/\"},{\"@type\":\"ListItem\",\"position\":2,\"name\":\"Equipement\"}]},{\"@type\":\"WebSite\",\"@id\":\"https:\\\/\\\/escrime-pentathlon-saverne.fr\\\/#website\",\"url\":\"https:\\\/\\\/escrime-pentathlon-saverne.fr\\\/\",\"name\":\"Club Escrime Pentathlon Saverne\",\"description\":\"\",\"publisher\":{\"@id\":\"https:\\\/\\\/escrime-pentathlon-saverne.fr\\\/#organization\"},\"potentialAction\":[{\"@type\":\"SearchAction\",\"target\":{\"@type\":\"EntryPoint\",\"urlTemplate\":\"https:\\\/\\\/escrime-pentathlon-saverne.fr\\\/?s={search_term_string}\"},\"query-input\":{\"@type\":\"PropertyValueSpecification\",\"valueRequired\":true,\"valueName\":\"search_term_string\"}}],\"inLanguage\":\"fr-FR\"},{\"@type\":\"Organization\",\"@id\":\"https:\\\/\\\/escrime-pentathlon-saverne.fr\\\/#organization\",\"name\":\"Club Escrime Pentathlon Saverne\",\"url\":\"https:\\\/\\\/escrime-pentathlon-saverne.fr\\\/\",\"logo\":{\"@type\":\"ImageObject\",\"inLanguage\":\"fr-FR\",\"@id\":\"https:\\\/\\\/escrime-pentathlon-saverne.fr\\\/#\\\/schema\\\/logo\\\/image\\\/\",\"url\":\"https:\\\/\\\/escrime-pentathlon-saverne.fr\\\/wp-content\\\/uploads\\\/2023\\\/07\\\/cropped-Saverne_la_licorne-top-bar-1.jpg\",\"contentUrl\":\"https:\\\/\\\/escrime-pentathlon-saverne.fr\\\/wp-content\\\/uploads\\\/2023\\\/07\\\/cropped-Saverne_la_licorne-top-bar-1.jpg\",\"width\":200,\"height\":200,\"caption\":\"Club Escrime Pentathlon Saverne\"},\"image\":{\"@id\":\"https:\\\/\\\/escrime-pentathlon-saverne.fr\\\/#\\\/schema\\\/logo\\\/image\\\/\"}}]}<\/script>\n<!-- \/ Yoast SEO plugin. -->","yoast_head_json":{"title":"Equipement - Club Escrime Pentathlon Saverne","robots":{"index":"index","follow":"follow","max-snippet":"max-snippet:-1","max-image-preview":"max-image-preview:large","max-video-preview":"max-video-preview:-1"},"canonical":"https:\/\/escrime-pentathlon-saverne.fr\/?page_id=275","og_locale":"fr_FR","og_type":"article","og_title":"Equipement - Club Escrime Pentathlon Saverne","og_description":"Le Pentathlon Moderne comprend cinq sports : course et tir (en combin\u00e9: Laser-Run), natation, escrime, course d&rsquo;obstacles (type \u00abspartan\u00bb) apr\u00e8s les J.O 2024. Pour la course (et course d&rsquo;obstacles) comme pour la natation il faut un \u00e9quipement sp\u00e9cifique facilement accessible. Pour l&rsquo;escrime, le club vous fournis l&rsquo;\u00e9quipement \u00e0 la prise de license sp\u00e9cifique. Pour le [&hellip;]","og_url":"https:\/\/escrime-pentathlon-saverne.fr\/?page_id=275","og_site_name":"Club Escrime Pentathlon Saverne","article_modified_time":"2024-05-02T18:17:36+00:00","twitter_card":"summary_large_image","twitter_misc":{"Dur\u00e9e de lecture estim\u00e9e":"1 minute"},"schema":{"@context":"https:\/\/schema.org","@graph":[{"@type":"WebPage","@id":"https:\/\/escrime-pentathlon-saverne.fr\/?page_id=275","url":"https:\/\/escrime-pentathlon-saverne.fr\/?page_id=275","name":"Equipement - Club Escrime Pentathlon Saverne","isPartOf":{"@id":"https:\/\/escrime-pentathlon-saverne.fr\/#website"},"datePublished":"2023-08-25T07:36:25+00:00","dateModified":"2024-05-02T18:17:36+00:00","breadcrumb":{"@id":"https:\/\/escrime-pentathlon-saverne.fr\/?page_id=275#breadcrumb"},"inLanguage":"fr-FR","potentialAction":[{"@type":"ReadAction","target":["https:\/\/escrime-pentathlon-saverne.fr\/?page_id=275"]}]},{"@type":"BreadcrumbList","@id":"https:\/\/escrime-pentathlon-saverne.fr\/?page_id=275#breadcrumb","itemListElement":[{"@type":"ListItem","position":1,"name":"Accueil","item":"https:\/\/escrime-pentathlon-saverne.fr\/"},{"@type":"ListItem","position":2,"name":"Equipement"}]},{"@type":"WebSite","@id":"https:\/\/escrime-pentathlon-saverne.fr\/#website","url":"https:\/\/escrime-pentathlon-saverne.fr\/","name":"Club Escrime Pentathlon Saverne","description":"","publisher":{"@id":"https:\/\/escrime-pentathlon-saverne.fr\/#organization"},"potentialAction":[{"@type":"SearchAction","target":{"@type":"EntryPoint","urlTemplate":"https:\/\/escrime-pentathlon-saverne.fr\/?s={search_term_string}"},"query-input":{"@type":"PropertyValueSpecification","valueRequired":true,"valueName":"search_term_string"}}],"inLanguage":"fr-FR"},{"@type":"Organization","@id":"https:\/\/escrime-pentathlon-saverne.fr\/#organization","name":"Club Escrime Pentathlon Saverne","url":"https:\/\/escrime-pentathlon-saverne.fr\/","logo":{"@type":"ImageObject","inLanguage":"fr-FR","@id":"https:\/\/escrime-pentathlon-saverne.fr\/#\/schema\/logo\/image\/","url":"https:\/\/escrime-pentathlon-saverne.fr\/wp-content\/uploads\/2023\/07\/cropped-Saverne_la_licorne-top-bar-1.jpg","contentUrl":"https:\/\/escrime-pentathlon-saverne.fr\/wp-content\/uploads\/2023\/07\/cropped-Saverne_la_licorne-top-bar-1.jpg","width":200,"height":200,"caption":"Club Escrime Pentathlon Saverne"},"image":{"@id":"https:\/\/escrime-pentathlon-saverne.fr\/#\/schema\/logo\/image\/"}}]}},"_links":{"self":[{"href":"https:\/\/escrime-pentathlon-saverne.fr\/index.php?rest_route=\/wp\/v2\/pages\/275","targetHints":{"allow":["GET"]}}],"collection":[{"href":"https:\/\/escrime-pentathlon-saverne.fr\/index.php?rest_route=\/wp\/v2\/pages"}],"about":[{"href":"https:\/\/escrime-pentathlon-saverne.fr\/index.php?rest_route=\/wp\/v2\/types\/page"}],"author":[{"embeddable":true,"href":"https:\/\/escrime-pentathlon-saverne.fr\/index.php?rest_route=\/wp\/v2\/users\/1"}],"replies":[{"embeddable":true,"href":"https:\/\/escrime-pentathlon-saverne.fr\/index.php?rest_route=%2Fwp%2Fv2%2Fcomments&post=275"}],"version-history":[{"count":7,"href":"https:\/\/escrime-pentathlon-saverne.fr\/index.php?rest_route=\/wp\/v2\/pages\/275\/revisions"}],"predecessor-version":[{"id":449,"href":"https:\/\/escrime-pentathlon-saverne.fr\/index.php?rest_route=\/wp\/v2\/pages\/275\/revisions\/449"}],"wp:attachment":[{"href":"https:\/\/escrime-pentathlon-saverne.fr\/index.php?rest_route=%2Fwp%2Fv2%2Fmedia&parent=275"}],"curies":[{"name":"wp","href":"https:\/\/api.w.org\/{rel}","templated":true}]}}