{"id":410,"date":"2024-04-30T12:12:24","date_gmt":"2024-04-30T10:12:24","guid":{"rendered":"https:\/\/escrime-pentathlon-saverne.fr\/?page_id=410"},"modified":"2026-03-14T11:55:54","modified_gmt":"2026-03-14T10:55:54","slug":"brocante-1er-mai","status":"publish","type":"page","link":"https:\/\/escrime-pentathlon-saverne.fr\/?page_id=410","title":{"rendered":"Brocante 1er Mai"},"content":{"rendered":"\t\t<div data-elementor-type=\"wp-page\" data-elementor-id=\"410\" class=\"elementor elementor-410\">\n\t\t\t\t\t\t<section class=\"elementor-section elementor-top-section elementor-element elementor-element-adfe373 elementor-section-boxed elementor-section-height-default elementor-section-height-default\" data-id=\"adfe373\" data-element_type=\"section\" data-e-type=\"section\">\n\t\t\t\t\t\t<div class=\"elementor-container elementor-column-gap-default\">\n\t\t\t\t\t<div class=\"elementor-column elementor-col-100 elementor-top-column elementor-element elementor-element-5d7bafe\" data-id=\"5d7bafe\" data-element_type=\"column\" data-e-type=\"column\">\n\t\t\t<div class=\"elementor-widget-wrap elementor-element-populated\">\n\t\t\t\t\t\t<div class=\"elementor-element elementor-element-8d8ad76 elementor-widget elementor-widget-text-editor\" data-id=\"8d8ad76\" data-element_type=\"widget\" data-e-type=\"widget\" data-widget_type=\"text-editor.default\">\n\t\t\t\t<div class=\"elementor-widget-container\">\n\t\t\t\t\t\t\t\t\t<p>Le Club d&rsquo;Escrime et Pentathlon Moderne organise chaque ann\u00e9e une brocante le 1er Mai \u00e0 la Salle Polyvalente d\u2019Otterswiller au 10 rue de la Gare. Les emplacements sont ouverts aux particuliers et professionnels, une restauration est propos\u00e9e sur place par le club.<\/p><p>Informations et r\u00e9servations au 06.89.12.98.51<\/p>\t\t\t\t\t\t\t\t<\/div>\n\t\t\t\t<\/div>\n\t\t\t\t<div class=\"elementor-element elementor-element-416a2ab elementor-align-center elementor-widget elementor-widget-button\" data-id=\"416a2ab\" data-element_type=\"widget\" data-e-type=\"widget\" data-widget_type=\"button.default\">\n\t\t\t\t<div class=\"elementor-widget-container\">\n\t\t\t\t\t\t\t\t\t<div class=\"elementor-button-wrapper\">\n\t\t\t\t\t<a class=\"elementor-button elementor-button-link elementor-size-sm\" href=\"https:\/\/escrime-pentathlon-saverne.fr\/wp-content\/uploads\/2026\/03\/BROCANTE-2026.pdf\" target=\"_blank\">\n\t\t\t\t\t\t<span class=\"elementor-button-content-wrapper\">\n\t\t\t\t\t\t\t\t\t<span class=\"elementor-button-text\">T\u00e9l\u00e9charger la Fiche d'inscription<\/span>\n\t\t\t\t\t<\/span>\n\t\t\t\t\t<\/a>\n\t\t\t\t<\/div>\n\t\t\t\t\t\t\t\t<\/div>\n\t\t\t\t<\/div>\n\t\t\t\t\t<\/div>\n\t\t<\/div>\n\t\t\t\t\t<\/div>\n\t\t<\/section>\n\t\t\t\t<section class=\"elementor-section elementor-top-section elementor-element elementor-element-f7622c2 elementor-section-boxed elementor-section-height-default elementor-section-height-default\" data-id=\"f7622c2\" data-element_type=\"section\" data-e-type=\"section\">\n\t\t\t\t\t\t<div class=\"elementor-container elementor-column-gap-default\">\n\t\t\t\t\t<div class=\"elementor-column elementor-col-100 elementor-top-column elementor-element elementor-element-afe8ad9\" data-id=\"afe8ad9\" data-element_type=\"column\" data-e-type=\"column\">\n\t\t\t<div class=\"elementor-widget-wrap elementor-element-populated\">\n\t\t\t\t\t\t<div class=\"elementor-element elementor-element-a143187 elementor-widget elementor-widget-google_maps\" data-id=\"a143187\" data-element_type=\"widget\" data-e-type=\"widget\" data-widget_type=\"google_maps.default\">\n\t\t\t\t<div class=\"elementor-widget-container\">\n\t\t\t\t\t\t\t<div class=\"elementor-custom-embed\">\n\t\t\t<iframe loading=\"lazy\"\n\t\t\t\t\tsrc=\"https:\/\/maps.google.com\/maps?q=10%20rue%20de%20la%20gare%20otterswiller&#038;t=m&#038;z=10&#038;output=embed&#038;iwloc=near\"\n\t\t\t\t\ttitle=\"10 rue de la gare otterswiller\"\n\t\t\t\t\taria-label=\"10 rue de la gare otterswiller\"\n\t\t\t><\/iframe>\n\t\t<\/div>\n\t\t\t\t\t\t<\/div>\n\t\t\t\t<\/div>\n\t\t\t\t\t<\/div>\n\t\t<\/div>\n\t\t\t\t\t<\/div>\n\t\t<\/section>\n\t\t\t\t<\/div>\n\t\t","protected":false},"excerpt":{"rendered":"<p>Le Club d&rsquo;Escrime et Pentathlon Moderne organise chaque ann\u00e9e une brocante le 1er Mai \u00e0 la Salle Polyvalente d\u2019Otterswiller au 10 rue de la Gare. Les emplacements sont ouverts aux particuliers et professionnels, une restauration est propos\u00e9e sur place par le club. Informations et r\u00e9servations au 06.89.12.98.51 T\u00e9l\u00e9charger la Fiche d&rsquo;inscription<\/p>\n","protected":false},"author":1,"featured_media":0,"parent":0,"menu_order":0,"comment_status":"closed","ping_status":"closed","template":"","meta":{"ocean_post_layout":"","ocean_both_sidebars_style":"","ocean_both_sidebars_content_width":0,"ocean_both_sidebars_sidebars_width":0,"ocean_sidebar":"","ocean_second_sidebar":"","ocean_disable_margins":"enable","ocean_add_body_class":"","ocean_shortcode_before_top_bar":"","ocean_shortcode_after_top_bar":"","ocean_shortcode_before_header":"","ocean_shortcode_after_header":"","ocean_has_shortcode":"","ocean_shortcode_after_title":"","ocean_shortcode_before_footer_widgets":"","ocean_shortcode_after_footer_widgets":"","ocean_shortcode_before_footer_bottom":"","ocean_shortcode_after_footer_bottom":"","ocean_display_top_bar":"default","ocean_display_header":"default","ocean_header_style":"","ocean_center_header_left_menu":"","ocean_custom_header_template":"","ocean_custom_logo":0,"ocean_custom_retina_logo":0,"ocean_custom_logo_max_width":0,"ocean_custom_logo_tablet_max_width":0,"ocean_custom_logo_mobile_max_width":0,"ocean_custom_logo_max_height":0,"ocean_custom_logo_tablet_max_height":0,"ocean_custom_logo_mobile_max_height":0,"ocean_header_custom_menu":"","ocean_menu_typo_font_family":"","ocean_menu_typo_font_subset":"","ocean_menu_typo_font_size":0,"ocean_menu_typo_font_size_tablet":0,"ocean_menu_typo_font_size_mobile":0,"ocean_menu_typo_font_size_unit":"px","ocean_menu_typo_font_weight":"","ocean_menu_typo_font_weight_tablet":"","ocean_menu_typo_font_weight_mobile":"","ocean_menu_typo_transform":"","ocean_menu_typo_transform_tablet":"","ocean_menu_typo_transform_mobile":"","ocean_menu_typo_line_height":0,"ocean_menu_typo_line_height_tablet":0,"ocean_menu_typo_line_height_mobile":0,"ocean_menu_typo_line_height_unit":"","ocean_menu_typo_spacing":0,"ocean_menu_typo_spacing_tablet":0,"ocean_menu_typo_spacing_mobile":0,"ocean_menu_typo_spacing_unit":"","ocean_menu_link_color":"","ocean_menu_link_color_hover":"","ocean_menu_link_color_active":"","ocean_menu_link_background":"","ocean_menu_link_hover_background":"","ocean_menu_link_active_background":"","ocean_menu_social_links_bg":"","ocean_menu_social_hover_links_bg":"","ocean_menu_social_links_color":"","ocean_menu_social_hover_links_color":"","ocean_disable_title":"default","ocean_disable_heading":"default","ocean_post_title":"","ocean_post_subheading":"","ocean_post_title_style":"","ocean_post_title_background_color":"","ocean_post_title_background":0,"ocean_post_title_bg_image_position":"","ocean_post_title_bg_image_attachment":"","ocean_post_title_bg_image_repeat":"","ocean_post_title_bg_image_size":"","ocean_post_title_height":0,"ocean_post_title_bg_overlay":0.5,"ocean_post_title_bg_overlay_color":"","ocean_disable_breadcrumbs":"default","ocean_breadcrumbs_color":"","ocean_breadcrumbs_separator_color":"","ocean_breadcrumbs_links_color":"","ocean_breadcrumbs_links_hover_color":"","ocean_display_footer_widgets":"default","ocean_display_footer_bottom":"default","ocean_custom_footer_template":"","footnotes":""},"class_list":["post-410","page","type-page","status-publish","hentry","entry"],"yoast_head":"<!-- This site is optimized with the Yoast SEO plugin v27.4 - https:\/\/yoast.com\/product\/yoast-seo-wordpress\/ -->\n<title>Brocante 1er Mai - Club Escrime Pentathlon Saverne<\/title>\n<meta name=\"robots\" content=\"index, follow, max-snippet:-1, max-image-preview:large, max-video-preview:-1\" \/>\n<link rel=\"canonical\" href=\"https:\/\/escrime-pentathlon-saverne.fr\/?page_id=410\" \/>\n<meta property=\"og:locale\" content=\"fr_FR\" \/>\n<meta property=\"og:type\" content=\"article\" \/>\n<meta property=\"og:title\" content=\"Brocante 1er Mai - Club Escrime Pentathlon Saverne\" \/>\n<meta property=\"og:description\" content=\"Le Club d&rsquo;Escrime et Pentathlon Moderne organise chaque ann\u00e9e une brocante le 1er Mai \u00e0 la Salle Polyvalente d\u2019Otterswiller au 10 rue de la Gare. Les emplacements sont ouverts aux particuliers et professionnels, une restauration est propos\u00e9e sur place par le club. Informations et r\u00e9servations au 06.89.12.98.51 T\u00e9l\u00e9charger la Fiche d&rsquo;inscription\" \/>\n<meta property=\"og:url\" content=\"https:\/\/escrime-pentathlon-saverne.fr\/?page_id=410\" \/>\n<meta property=\"og:site_name\" content=\"Club Escrime Pentathlon Saverne\" \/>\n<meta property=\"article:modified_time\" content=\"2026-03-14T10:55:54+00:00\" \/>\n<meta name=\"twitter:card\" content=\"summary_large_image\" \/>\n<meta name=\"twitter:label1\" content=\"Dur\u00e9e de lecture estim\u00e9e\" \/>\n\t<meta name=\"twitter:data1\" content=\"1 minute\" \/>\n<script type=\"application\/ld+json\" class=\"yoast-schema-graph\">{\"@context\":\"https:\\\/\\\/schema.org\",\"@graph\":[{\"@type\":\"WebPage\",\"@id\":\"https:\\\/\\\/escrime-pentathlon-saverne.fr\\\/?page_id=410\",\"url\":\"https:\\\/\\\/escrime-pentathlon-saverne.fr\\\/?page_id=410\",\"name\":\"Brocante 1er Mai - Club Escrime Pentathlon Saverne\",\"isPartOf\":{\"@id\":\"https:\\\/\\\/escrime-pentathlon-saverne.fr\\\/#website\"},\"datePublished\":\"2024-04-30T10:12:24+00:00\",\"dateModified\":\"2026-03-14T10:55:54+00:00\",\"breadcrumb\":{\"@id\":\"https:\\\/\\\/escrime-pentathlon-saverne.fr\\\/?page_id=410#breadcrumb\"},\"inLanguage\":\"fr-FR\",\"potentialAction\":[{\"@type\":\"ReadAction\",\"target\":[\"https:\\\/\\\/escrime-pentathlon-saverne.fr\\\/?page_id=410\"]}]},{\"@type\":\"BreadcrumbList\",\"@id\":\"https:\\\/\\\/escrime-pentathlon-saverne.fr\\\/?page_id=410#breadcrumb\",\"itemListElement\":[{\"@type\":\"ListItem\",\"position\":1,\"name\":\"Accueil\",\"item\":\"https:\\\/\\\/escrime-pentathlon-saverne.fr\\\/\"},{\"@type\":\"ListItem\",\"position\":2,\"name\":\"Brocante 1er Mai\"}]},{\"@type\":\"WebSite\",\"@id\":\"https:\\\/\\\/escrime-pentathlon-saverne.fr\\\/#website\",\"url\":\"https:\\\/\\\/escrime-pentathlon-saverne.fr\\\/\",\"name\":\"Club Escrime Pentathlon Saverne\",\"description\":\"\",\"publisher\":{\"@id\":\"https:\\\/\\\/escrime-pentathlon-saverne.fr\\\/#organization\"},\"potentialAction\":[{\"@type\":\"SearchAction\",\"target\":{\"@type\":\"EntryPoint\",\"urlTemplate\":\"https:\\\/\\\/escrime-pentathlon-saverne.fr\\\/?s={search_term_string}\"},\"query-input\":{\"@type\":\"PropertyValueSpecification\",\"valueRequired\":true,\"valueName\":\"search_term_string\"}}],\"inLanguage\":\"fr-FR\"},{\"@type\":\"Organization\",\"@id\":\"https:\\\/\\\/escrime-pentathlon-saverne.fr\\\/#organization\",\"name\":\"Club Escrime Pentathlon Saverne\",\"url\":\"https:\\\/\\\/escrime-pentathlon-saverne.fr\\\/\",\"logo\":{\"@type\":\"ImageObject\",\"inLanguage\":\"fr-FR\",\"@id\":\"https:\\\/\\\/escrime-pentathlon-saverne.fr\\\/#\\\/schema\\\/logo\\\/image\\\/\",\"url\":\"https:\\\/\\\/escrime-pentathlon-saverne.fr\\\/wp-content\\\/uploads\\\/2023\\\/07\\\/cropped-Saverne_la_licorne-top-bar-1.jpg\",\"contentUrl\":\"https:\\\/\\\/escrime-pentathlon-saverne.fr\\\/wp-content\\\/uploads\\\/2023\\\/07\\\/cropped-Saverne_la_licorne-top-bar-1.jpg\",\"width\":200,\"height\":200,\"caption\":\"Club Escrime Pentathlon Saverne\"},\"image\":{\"@id\":\"https:\\\/\\\/escrime-pentathlon-saverne.fr\\\/#\\\/schema\\\/logo\\\/image\\\/\"}}]}<\/script>\n<!-- \/ Yoast SEO plugin. -->","yoast_head_json":{"title":"Brocante 1er Mai - Club Escrime Pentathlon Saverne","robots":{"index":"index","follow":"follow","max-snippet":"max-snippet:-1","max-image-preview":"max-image-preview:large","max-video-preview":"max-video-preview:-1"},"canonical":"https:\/\/escrime-pentathlon-saverne.fr\/?page_id=410","og_locale":"fr_FR","og_type":"article","og_title":"Brocante 1er Mai - Club Escrime Pentathlon Saverne","og_description":"Le Club d&rsquo;Escrime et Pentathlon Moderne organise chaque ann\u00e9e une brocante le 1er Mai \u00e0 la Salle Polyvalente d\u2019Otterswiller au 10 rue de la Gare. Les emplacements sont ouverts aux particuliers et professionnels, une restauration est propos\u00e9e sur place par le club. Informations et r\u00e9servations au 06.89.12.98.51 T\u00e9l\u00e9charger la Fiche d&rsquo;inscription","og_url":"https:\/\/escrime-pentathlon-saverne.fr\/?page_id=410","og_site_name":"Club Escrime Pentathlon Saverne","article_modified_time":"2026-03-14T10:55:54+00:00","twitter_card":"summary_large_image","twitter_misc":{"Dur\u00e9e de lecture estim\u00e9e":"1 minute"},"schema":{"@context":"https:\/\/schema.org","@graph":[{"@type":"WebPage","@id":"https:\/\/escrime-pentathlon-saverne.fr\/?page_id=410","url":"https:\/\/escrime-pentathlon-saverne.fr\/?page_id=410","name":"Brocante 1er Mai - Club Escrime Pentathlon Saverne","isPartOf":{"@id":"https:\/\/escrime-pentathlon-saverne.fr\/#website"},"datePublished":"2024-04-30T10:12:24+00:00","dateModified":"2026-03-14T10:55:54+00:00","breadcrumb":{"@id":"https:\/\/escrime-pentathlon-saverne.fr\/?page_id=410#breadcrumb"},"inLanguage":"fr-FR","potentialAction":[{"@type":"ReadAction","target":["https:\/\/escrime-pentathlon-saverne.fr\/?page_id=410"]}]},{"@type":"BreadcrumbList","@id":"https:\/\/escrime-pentathlon-saverne.fr\/?page_id=410#breadcrumb","itemListElement":[{"@type":"ListItem","position":1,"name":"Accueil","item":"https:\/\/escrime-pentathlon-saverne.fr\/"},{"@type":"ListItem","position":2,"name":"Brocante 1er Mai"}]},{"@type":"WebSite","@id":"https:\/\/escrime-pentathlon-saverne.fr\/#website","url":"https:\/\/escrime-pentathlon-saverne.fr\/","name":"Club Escrime Pentathlon Saverne","description":"","publisher":{"@id":"https:\/\/escrime-pentathlon-saverne.fr\/#organization"},"potentialAction":[{"@type":"SearchAction","target":{"@type":"EntryPoint","urlTemplate":"https:\/\/escrime-pentathlon-saverne.fr\/?s={search_term_string}"},"query-input":{"@type":"PropertyValueSpecification","valueRequired":true,"valueName":"search_term_string"}}],"inLanguage":"fr-FR"},{"@type":"Organization","@id":"https:\/\/escrime-pentathlon-saverne.fr\/#organization","name":"Club Escrime Pentathlon Saverne","url":"https:\/\/escrime-pentathlon-saverne.fr\/","logo":{"@type":"ImageObject","inLanguage":"fr-FR","@id":"https:\/\/escrime-pentathlon-saverne.fr\/#\/schema\/logo\/image\/","url":"https:\/\/escrime-pentathlon-saverne.fr\/wp-content\/uploads\/2023\/07\/cropped-Saverne_la_licorne-top-bar-1.jpg","contentUrl":"https:\/\/escrime-pentathlon-saverne.fr\/wp-content\/uploads\/2023\/07\/cropped-Saverne_la_licorne-top-bar-1.jpg","width":200,"height":200,"caption":"Club Escrime Pentathlon Saverne"},"image":{"@id":"https:\/\/escrime-pentathlon-saverne.fr\/#\/schema\/logo\/image\/"}}]}},"_links":{"self":[{"href":"https:\/\/escrime-pentathlon-saverne.fr\/index.php?rest_route=\/wp\/v2\/pages\/410","targetHints":{"allow":["GET"]}}],"collection":[{"href":"https:\/\/escrime-pentathlon-saverne.fr\/index.php?rest_route=\/wp\/v2\/pages"}],"about":[{"href":"https:\/\/escrime-pentathlon-saverne.fr\/index.php?rest_route=\/wp\/v2\/types\/page"}],"author":[{"embeddable":true,"href":"https:\/\/escrime-pentathlon-saverne.fr\/index.php?rest_route=\/wp\/v2\/users\/1"}],"replies":[{"embeddable":true,"href":"https:\/\/escrime-pentathlon-saverne.fr\/index.php?rest_route=%2Fwp%2Fv2%2Fcomments&post=410"}],"version-history":[{"count":28,"href":"https:\/\/escrime-pentathlon-saverne.fr\/index.php?rest_route=\/wp\/v2\/pages\/410\/revisions"}],"predecessor-version":[{"id":874,"href":"https:\/\/escrime-pentathlon-saverne.fr\/index.php?rest_route=\/wp\/v2\/pages\/410\/revisions\/874"}],"wp:attachment":[{"href":"https:\/\/escrime-pentathlon-saverne.fr\/index.php?rest_route=%2Fwp%2Fv2%2Fmedia&parent=410"}],"curies":[{"name":"wp","href":"https:\/\/api.w.org\/{rel}","templated":true}]}}